{"id":6188,"date":"2024-06-14T12:12:45","date_gmt":"2024-06-14T12:12:45","guid":{"rendered":"https:\/\/www.salachas.gr\/about-us\/"},"modified":"2026-02-09T12:03:12","modified_gmt":"2026-02-09T12:03:12","slug":"about-us","status":"publish","type":"page","link":"https:\/\/www.salachas.gr\/fr\/about-us\/","title":{"rendered":"\u00c0 PROPOS"},"content":{"rendered":"<div class=\"wpb-content-wrapper\"><p>[vc_row row_type=\u00a0\u00bbparallax\u00a0\u00bb row_scroll_icon=\u00a0\u00bbno\u00a0\u00bb content_width=\u00a0\u00bbgrid\u00a0\u00bb full_screen_section_height=\u00a0\u00bbno\u00a0\u00bb parallax_background_image=\u00a0\u00bb5528&Prime;][vc_column el_class=\u00a0\u00bbameafixdiv\u00a0\u00bb]<div class=\"eltd-elements-holder eltd-responsive-mode-768\" ><div class=\"eltd-elements-holder-item eltd-horizontal-alignment-left\"  >\n\t<div class=\"eltd-elements-holder-item-inner\">\n\t\t<div class=\"eltd-elements-holder-item-content eltd-elements-holder-custom-915417\" style=\"padding: 10% 53% 9% 0%\">\n\t\t\t\t\t\t\t<style type=\"text\/css\" data-type=\"eltd-elements-custom-padding\" scoped>\n\t\t\t\t\t\t\t\t\t\t@media only screen and (min-width: 1280px) and (max-width: 1440px) {\n\t\t\t\t\t\t.eltd-elements-holder .eltd-elements-holder-item-content.eltd-elements-holder-custom-915417 {\n\t\t\t\t\t\t\tpadding: 8% 54% 10% 0% !important;\n\t\t\t\t\t\t}\n\t\t\t\t\t}\n\n\t\t\t\t\t\t\t\t\t\t\t\t\t\t\t@media only screen and (min-width: 1024px) and (max-width: 1280px) {\n\t\t\t\t\t\t.eltd-elements-holder .eltd-elements-holder-item-content.eltd-elements-holder-custom-915417 {\n\t\t\t\t\t\t\tpadding: 8.9% 45% 11.1% 0% !important;\n\t\t\t\t\t\t}\n\t\t\t\t\t}\n\n\t\t\t\t\t\t\t\t\t\t\t\t\t\t\t@media only screen and (min-width: 768px) and (max-width: 1024px) {\n\t\t\t\t\t\t.eltd-elements-holder .eltd-elements-holder-item-content.eltd-elements-holder-custom-915417 {\n\t\t\t\t\t\t\tpadding: 12.6% 21% 14.4% 0% !important;\n\t\t\t\t\t\t}\n\t\t\t\t\t}\n\n\t\t\t\t\t\t\t\t\t\t\t\t\t\t\t@media only screen and (min-width: 600px) and (max-width: 768px) {\n\t\t\t\t\t\t.eltd-elements-holder .eltd-elements-holder-item-content.eltd-elements-holder-custom-915417 {\n\t\t\t\t\t\t\tpadding: 15.4% 39% 15.1% 0% !important;\n\t\t\t\t\t\t}\n\t\t\t\t\t}\n\n\t\t\t\t\t\t\t\t\t\t\t\t\t\t\t@media only screen and (min-width: 480px) and (max-width: 600px) {\n\t\t\t\t\t\t.eltd-elements-holder .eltd-elements-holder-item-content.eltd-elements-holder-custom-915417 {\n\t\t\t\t\t\t\tpadding: 30.5% 0% 33.3% 0% !important;\n\t\t\t\t\t\t}\n\t\t\t\t\t}\n\n\t\t\t\t\t\t\t\t\t\t\t\t\t\t\t@media only screen and (max-width: 480px) {\n\t\t\t\t\t\t.eltd-elements-holder .eltd-elements-holder-item-content.eltd-elements-holder-custom-915417 {\n\t\t\t\t\t\t\tpadding: 30.5% 0% 33.3% 0% !important;\n\t\t\t\t\t\t}\n\t\t\t\t\t}\n\n\t\t\t\t\t\t\t\t\t<\/style>\n\t\t\t\t\t\t\n<div class=\"eltd-custom-font-holder\" style=\"font-family: Lato;font-size: 72px;line-height: 87px;font-weight: 300;letter-spacing: 0px;text-transform: Uppercase;text-align: left;color: #ffffff\" data-font-size= 72  data-line-height= 87>\n\u00c0 PROPOS<\/div>\n<div class=\"eltd-custom-font-holder\" style=\"font-family: Lato;font-size: 72px;line-height: 87px;font-weight: 300;letter-spacing: 0px;text-transform: Uppercase;text-align: left;color: #ffffff\" data-font-size= 72  data-line-height= 87>\nNOTRE HISTOIRE<\/div>\t\t<\/div>\n\t<\/div>\n<\/div><\/div>[\/vc_column][\/vc_row][vc_row row_scroll_icon=\u00a0\u00bbno\u00a0\u00bb content_width=\u00a0\u00bbgrid\u00a0\u00bb css=\u00a0\u00bb.vc_custom_1718353338857{padding-top: 45px !important;background-color: #ffffff !important;}\u00a0\u00bb][vc_column css=\u00a0\u00bb.vc_custom_1719827308866{padding-right: 7% !important;}\u00a0\u00bb offset=\u00a0\u00bbvc_col-lg-5 vc_col-md-12&Prime;][vc_empty_space height=\u00a0\u00bb30px\u00a0\u00bb]<div class=\"eltd-section-title-holder\">\n\t<h2 class=\"eltd-section-title eltd-section-title-large\" >\n\tJoseph Salachas<\/h2>\n<\/div><div class=\"eltd-separator-holder clearfix  eltd-separator-left\">\n\t<div class=\"eltd-separator\" style=\"border-color: #c35429;border-style: solid;width: 130px;border-bottom-width: 2px;margin-top: 15px;margin-bottom: 25px\"><\/div>\n<\/div>\n<div class=\"eltd-section-subtitle-holder eltd-section-subtitle-left\" >\n\t<p style=\"text-align: left\" class=\"eltd-section-subtitle\">Un jeune tailleur sur une \u00eele aride des Cyclades<\/p>\n<\/div>[vc_column_text el_class=\u00a0\u00bbline-height-2&Prime;]Mykonos rec\u00e8le d&rsquo;innombrables histoires qui n&rsquo;ont jamais \u00e9t\u00e9 racont\u00e9es. Il s&rsquo;est pass\u00e9 tant de choses sur cette \u00eele que tous les mots du monde ne suffiraient pas \u00e0 d\u00e9crire les \u00e9v\u00e9nements et les personnages qui ont marqu\u00e9 son histoire. L&rsquo;un d&rsquo;entre eux \u00e9tait Joseph Salahas, qui, de jeune tailleur sur une \u00eele des Cyclades alors d\u00e9sol\u00e9e, est devenu cr\u00e9ateur de v\u00eatements pour les reines, les princesses et les c\u00e9l\u00e9brit\u00e9s du monde de l&rsquo;art et du cin\u00e9ma.<\/p>\n<p>Joseph \u2013 comme l&rsquo;appelaient les habitants \u2013 s&rsquo;est install\u00e9 \u00e0 Mykonos en 1935, apr\u00e8s avoir obtenu son dipl\u00f4me de couture \u00e0 la c\u00e9l\u00e8bre \u00e9cole \u00ab Napolitano \u00bb. Il avait pour assistante la jeune Koula Veroni, dont il tomba amoureux et qu&rsquo;il \u00e9pousa, avec qui il eut cinq enfants. Joseph commen\u00e7a sa carri\u00e8re en cousant des costumes et des pantalons pour les habitants et les rares voyageurs. Mais lorsqu&rsquo;une jeune touriste lui a demand\u00e9 de lui coudre un pantalon, il a cr\u00e9\u00e9 le premier patron de pantalon pour femme en Gr\u00e8ce. Au fil du temps, il perfectionna sa technique et se mit bient\u00f4t \u00e0 coudre des pantalons pour toutes les femmes c\u00e9l\u00e8bres de l&rsquo;\u00e9lite ath\u00e9nienne qui visitaient l&rsquo;\u00eele, ainsi que pour les amateurs fortun\u00e9s et renomm\u00e9s de Mykonos. Son personnel comptait 20 personnes et son atelier \u00e9tait situ\u00e9 dans les m\u00eames locaux qui abritaient jusqu&rsquo;alors l&rsquo;entreprise de son petit-fils, le \u00ab Piccolo \u00bb.[\/vc_column_text][vc_empty_space height=\u00a0\u00bb30px\u00a0\u00bb][\/vc_column][vc_column offset=\u00a0\u00bbvc_col-lg-7 vc_col-md-12&Prime;]<div class=\"eltd-elements-holder eltd-responsive-mode-768\" ><div class=\"eltd-elements-holder-item eltd-horizontal-alignment-left\"  >\n\t<div class=\"eltd-elements-holder-item-inner\">\n\t\t<div class=\"eltd-elements-holder-item-content eltd-elements-holder-custom-219661\" style=\"padding: 5% 5%\">\n\t\t\t\t\t\t[vc_single_image image=\u00a0\u00bb6190&Prime; img_size=\u00a0\u00bbfull\u00a0\u00bb alignment=\u00a0\u00bbcenter\u00a0\u00bb]\t\t<\/div>\n\t<\/div>\n<\/div><\/div>[\/vc_column][\/vc_row][vc_row row_scroll_icon=\u00a0\u00bbno\u00a0\u00bb content_width=\u00a0\u00bbgrid\u00a0\u00bb css=\u00a0\u00bb.vc_custom_1718615305236{padding-top: 45px !important;background-color: #ffffff !important;}\u00a0\u00bb el_class=\u00a0\u00bbflex-reverse\u00a0\u00bb][vc_column offset=\u00a0\u00bbvc_col-lg-7 vc_col-md-12&Prime; css=\u00a0\u00bb.vc_custom_1718353576780{padding-right: 7% !important;}\u00a0\u00bb]<div class=\"eltd-elements-holder eltd-responsive-mode-768\" ><div class=\"eltd-elements-holder-item eltd-horizontal-alignment-left\"  >\n\t<div class=\"eltd-elements-holder-item-inner\">\n\t\t<div class=\"eltd-elements-holder-item-content eltd-elements-holder-custom-657860\" >\n\t\t\t\t\t\t[vc_single_image image=\u00a0\u00bb6191&Prime; img_size=\u00a0\u00bbfull\u00a0\u00bb alignment=\u00a0\u00bbcenter\u00a0\u00bb]\t\t<\/div>\n\t<\/div>\n<\/div><\/div>[\/vc_column][vc_column offset=\u00a0\u00bbvc_col-lg-5 vc_col-md-12&Prime;]<div class=\"eltd-section-title-holder\">\n\t<h2 class=\"eltd-section-title eltd-section-title-large\" >\n\tDior et Deses en Gr\u00e8ce<\/h2>\n<\/div><div class=\"eltd-separator-holder clearfix  eltd-separator-left\">\n\t<div class=\"eltd-separator\" style=\"border-color: #c35429;border-style: solid;width: 130px;border-bottom-width: 2px;margin-top: 15px;margin-bottom: 25px\"><\/div>\n<\/div>\n[vc_column_text el_class=\u00a0\u00bbline-height-2&Prime;]Le fait qu&rsquo;il parlait couramment l&rsquo;anglais et le fran\u00e7ais, \u00e0 une \u00e9poque o\u00f9 la plupart des habitants avaient du mal \u00e0 communiquer avec les visiteurs \u00e9trangers, facilitait consid\u00e9rablement la t\u00e2che de Joseph. Au cours de l&rsquo;\u00e9t\u00e9 1953, Christian Dior et Jean Dess\u00e8s se sont rendus en Gr\u00e8ce et ont visit\u00e9 Mykonos, choisissant de s\u00e9journer \u00e0 l&rsquo;h\u00f4tel Lito. L\u00e0, Dior a remarqu\u00e9 les pantalons que portaient certaines des clientes de l&rsquo;h\u00f4tel. Impressionn\u00e9 par leur qualit\u00e9 et leur coupe impeccable, il demanda \u00e0 son amie Eleni Chalkiopoulou, \u00e9galement cliente de Joseph, qui en \u00e9tait le cr\u00e9ateur. Quand il a appris qu&rsquo;il s&rsquo;agissait d&rsquo;un tailleur local, il a demand\u00e9 \u00e0 le rencontrer et \u00e0 commander des pantalons pour lui-m\u00eame, Dess\u00e8s et leur escorte. Ils ont imm\u00e9diatement appel\u00e9 Joseph, qui s&rsquo;est rendu \u00e0 l&rsquo;h\u00f4tel Lito avec son m\u00e8tre ruban et a pris leurs mesures. Cependant, il leur a expliqu\u00e9 qu&rsquo;il n&rsquo;avait pas le temps de terminer les pantalons en raison des nombreuses commandes d\u00e9j\u00e0 en attente.[\/vc_column_text][vc_empty_space height=\u00a0\u00bb30px\u00a0\u00bb][\/vc_column][\/vc_row][vc_row row_scroll_icon=\u00a0\u00bbno\u00a0\u00bb content_width=\u00a0\u00bbgrid\u00a0\u00bb css=\u00a0\u00bb.vc_custom_1718353338857{padding-top: 45px !important;background-color: #ffffff !important;}\u00a0\u00bb][vc_column css=\u00a0\u00bb.vc_custom_1472121968632{padding-right: 7% !important;}\u00a0\u00bb offset=\u00a0\u00bbvc_col-lg-5 vc_col-md-12&Prime;][vc_empty_space height=\u00a0\u00bb30px\u00a0\u00bb]<div class=\"eltd-section-title-holder\">\n\t<h2 class=\"eltd-section-title eltd-section-title-large\" >\n\tLe \u00ab Dior de Mykonos \u00bb <\/h2>\n<\/div><div class=\"eltd-separator-holder clearfix  eltd-separator-left\">\n\t<div class=\"eltd-separator\" style=\"border-color: #c35429;border-style: solid;width: 130px;border-bottom-width: 2px;margin-top: 15px;margin-bottom: 25px\"><\/div>\n<\/div>\n<div class=\"eltd-section-subtitle-holder eltd-section-subtitle-left\" >\n\t<p style=\"text-align: left\" class=\"eltd-section-subtitle\">Le d\u00e9but du mythe et la commande de Dior<\/p>\n<\/div>[vc_column_text el_class=\u00a0\u00bbline-height-2&Prime;]Heureusement, les dames dont les commandes \u00e9taient prioritaires ont incit\u00e9 Joseph \u00e0 donner la priorit\u00e9 \u00e0 Dior, et c&rsquo;est ainsi que la l\u00e9gende a commenc\u00e9. Sa renomm\u00e9e s&rsquo;est r\u00e9pandue aux quatre coins du monde, lui valant le titre de \u00ab Dior de Mykonos \u00bb, avec des articles dans les journaux et magazines grecs, europ\u00e9ens et am\u00e9ricains (The New York Times) qui se succ\u00e8dent les uns apr\u00e8s les autres. Au cours des ann\u00e9es qui suivirent, Joseph habilla de ses cr\u00e9ations des personnalit\u00e9s telles que la B\u00e9gum (\u00e9pouse de l&rsquo;Aga Khan de Perse), le fils d&rsquo;Ali Khan (pour lequel le fils de Joseph, Dimitris, eut besoin de deux m\u00e8tres de tissu !), Melina Mercouri et sa m\u00e8re, Eleni Vlachou, Loukas Benakis, Sevastopoulos, Nisiotis, Nantina Tsaldari, la famille Goulandris, Lola Tsoukatou, Anna Veltsou, Romain Gary, Takis Horn, le Premier ministre Gonatas, Georgios Rallis et son \u00e9pouse Lena, Kotakis, Charpentier, ainsi que Guy Laroche et l&rsquo;actrice Jean Seberg.[\/vc_column_text][vc_empty_space height=\u00a0\u00bb30px\u00a0\u00bb][\/vc_column][vc_column offset=\u00a0\u00bbvc_col-lg-7 vc_col-md-12&Prime;]<div class=\"eltd-elements-holder eltd-responsive-mode-768\" ><div class=\"eltd-elements-holder-item eltd-horizontal-alignment-left\"  >\n\t<div class=\"eltd-elements-holder-item-inner\">\n\t\t<div class=\"eltd-elements-holder-item-content eltd-elements-holder-custom-821386\" style=\"padding: 5% 5%\">\n\t\t\t\t\t\t[vc_single_image image=\u00a0\u00bb6192&Prime; img_size=\u00a0\u00bbfull\u00a0\u00bb alignment=\u00a0\u00bbcenter\u00a0\u00bb]\t\t<\/div>\n\t<\/div>\n<\/div><\/div>[\/vc_column][\/vc_row][vc_row row_scroll_icon=\u00a0\u00bbno\u00a0\u00bb content_width=\u00a0\u00bbgrid\u00a0\u00bb css=\u00a0\u00bb.vc_custom_1718353371450{padding-top: 45px !important;padding-bottom: 85px !important;background-color: #ffffff !important;}\u00a0\u00bb el_class=\u00a0\u00bbflex-reverse\u00a0\u00bb][vc_column offset=\u00a0\u00bbvc_col-lg-7 vc_col-md-12&Prime; css=\u00a0\u00bb.vc_custom_1718353576780{padding-right: 7% !important;}\u00a0\u00bb]<div class=\"eltd-elements-holder eltd-responsive-mode-768\" ><div class=\"eltd-elements-holder-item eltd-horizontal-alignment-left\"  >\n\t<div class=\"eltd-elements-holder-item-inner\">\n\t\t<div class=\"eltd-elements-holder-item-content eltd-elements-holder-custom-771331\" >\n\t\t\t\t\t\t[vc_single_image image=\u00a0\u00bb6193&Prime; img_size=\u00a0\u00bbfull\u00a0\u00bb alignment=\u00a0\u00bbcenter\u00a0\u00bb]\t\t<\/div>\n\t<\/div>\n<\/div><\/div>[\/vc_column][vc_column offset=\u00a0\u00bbvc_col-lg-5 vc_col-md-12&Prime;]<div class=\"eltd-section-title-holder\">\n\t<h2 class=\"eltd-section-title eltd-section-title-large\" >\n\tTradition et continuit\u00e9<\/h2>\n<\/div><div class=\"eltd-separator-holder clearfix  eltd-separator-left\">\n\t<div class=\"eltd-separator\" style=\"border-color: #c35429;border-style: solid;width: 130px;border-bottom-width: 2px;margin-top: 15px;margin-bottom: 25px\"><\/div>\n<\/div>\n<div class=\"eltd-section-subtitle-holder eltd-section-subtitle-left\" >\n\t<p style=\"text-align: left\" class=\"eltd-section-subtitle\">Aujourd'hui, l'entreprise a \u00e9t\u00e9 transmise \u00e0 ses petits-fils, Joseph et Nicolas.<\/p>\n<\/div>[vc_column_text el_class=\u00a0\u00bbline-height-2&Prime;]Joseph est d\u00e9c\u00e9d\u00e9 en 1977, laissant son atelier \u00e0 son fils Dimitris, tandis qu&rsquo;aujourd&rsquo;hui, l&rsquo;entreprise est pass\u00e9e entre les mains de ses petits-fils, Joseph et Nicolas. Son histoire, le mythe du jeune tailleur qui a collabor\u00e9 avec l&rsquo;\u00e9lite de la haute couture fran\u00e7aise, \u00e9claire avec douceur une autre facette, invisible, de Mykonos. Une histoire qui se d\u00e9voile avec nostalgie mais aussi avec vivacit\u00e9 \u00e0 travers un magnifique album photo d&rsquo;une autre \u00e9poque, dont l&rsquo;\u00e9cho reste vivant jusqu&rsquo;\u00e0 aujourd&rsquo;hui.[\/vc_column_text][vc_empty_space height=\u00a0\u00bb30px\u00a0\u00bb][\/vc_column][\/vc_row]<\/p>\n<\/div>","protected":false},"excerpt":{"rendered":"<p>[vc_row row_type=\u00a0\u00bbparallax\u00a0\u00bb row_scroll_icon=\u00a0\u00bbno\u00a0\u00bb content_width=\u00a0\u00bbgrid\u00a0\u00bb full_screen_section_height=\u00a0\u00bbno\u00a0\u00bb parallax_background_image=\u00a0\u00bb5528&Prime;][vc_column el_class=\u00a0\u00bbameafixdiv\u00a0\u00bb][\/vc_column][\/vc_row][vc_row row_scroll_icon=\u00a0\u00bbno\u00a0\u00bb content_width=\u00a0\u00bbgrid\u00a0\u00bb css=\u00a0\u00bb.vc_custom_1718353338857{padding-top: 45px !important;background-color: #ffffff !important;}\u00a0\u00bb][vc_column css=\u00a0\u00bb.vc_custom_1719827308866{padding-right: 7% !important;}\u00a0\u00bb offset=\u00a0\u00bbvc_col-lg-5 vc_col-md-12&Prime;][vc_empty_space height=\u00a0\u00bb30px\u00a0\u00bb][vc_column_text el_class=\u00a0\u00bbline-height-2&Prime;]Mykonos rec\u00e8le d&rsquo;innombrables histoires qui n&rsquo;ont jamais \u00e9t\u00e9 racont\u00e9es. Il s&rsquo;est pass\u00e9 tant de choses sur cette \u00eele que tous les mots du monde ne&#8230;<\/p>\n","protected":false},"author":1,"featured_media":0,"parent":0,"menu_order":0,"comment_status":"closed","ping_status":"closed","template":"full-width.php","meta":{"inline_featured_image":false,"footnotes":""},"class_list":["post-6188","page","type-page","status-publish","hentry"],"yoast_head":"<!-- This site is optimized with the Yoast SEO plugin v27.4 - https:\/\/yoast.com\/product\/yoast-seo-wordpress\/ -->\n<title>\u00c0 propos | Salachas Stores Mykonos<\/title>\n<meta name=\"description\" content=\"Back in 1933, a young tailor, J. Salachas, became a fashion creator for queens &amp; celebrities in Mykonos. Today, Salachas Stores deliver stylish fashion for all!\" \/>\n<meta name=\"robots\" content=\"index, follow, max-snippet:-1, max-image-preview:large, max-video-preview:-1\" \/>\n<link rel=\"canonical\" href=\"https:\/\/www.salachas.gr\/fr\/about-us\/\" \/>\n<meta property=\"og:locale\" content=\"fr_FR\" \/>\n<meta property=\"og:type\" content=\"article\" \/>\n<meta property=\"og:title\" content=\"\u00c0 propos | Salachas Stores Mykonos\" \/>\n<meta property=\"og:description\" content=\"Back in 1933, a young tailor, J. Salachas, became a fashion creator for queens &amp; celebrities in Mykonos. Today, Salachas Stores deliver stylish fashion for all!\" \/>\n<meta property=\"og:url\" content=\"https:\/\/www.salachas.gr\/fr\/about-us\/\" \/>\n<meta property=\"og:site_name\" content=\"Salachas Stores Mykonos\" \/>\n<meta property=\"article:modified_time\" content=\"2026-02-09T12:03:12+00:00\" \/>\n<meta name=\"twitter:card\" content=\"summary_large_image\" \/>\n<meta name=\"twitter:label1\" content=\"Dur\u00e9e de lecture estim\u00e9e\" \/>\n\t<meta name=\"twitter:data1\" content=\"5 minutes\" \/>\n<script type=\"application\/ld+json\" class=\"yoast-schema-graph\">{\"@context\":\"https:\\\/\\\/schema.org\",\"@graph\":[{\"@type\":\"WebPage\",\"@id\":\"https:\\\/\\\/www.salachas.gr\\\/fr\\\/about-us\\\/\",\"url\":\"https:\\\/\\\/www.salachas.gr\\\/fr\\\/about-us\\\/\",\"name\":\"\u00c0 propos | Salachas Stores Mykonos\",\"isPartOf\":{\"@id\":\"https:\\\/\\\/www.salachas.gr\\\/fr\\\/#website\"},\"datePublished\":\"2024-06-14T12:12:45+00:00\",\"dateModified\":\"2026-02-09T12:03:12+00:00\",\"description\":\"Back in 1933, a young tailor, J. Salachas, became a fashion creator for queens & celebrities in Mykonos. Today, Salachas Stores deliver stylish fashion for all!\",\"breadcrumb\":{\"@id\":\"https:\\\/\\\/www.salachas.gr\\\/fr\\\/about-us\\\/#breadcrumb\"},\"inLanguage\":\"fr-FR\",\"potentialAction\":[{\"@type\":\"ReadAction\",\"target\":[\"https:\\\/\\\/www.salachas.gr\\\/fr\\\/about-us\\\/\"]}]},{\"@type\":\"BreadcrumbList\",\"@id\":\"https:\\\/\\\/www.salachas.gr\\\/fr\\\/about-us\\\/#breadcrumb\",\"itemListElement\":[{\"@type\":\"ListItem\",\"position\":1,\"name\":\"\u0391\u03c1\u03c7\u03b9\u03ba\u03ae\",\"item\":\"https:\\\/\\\/www.salachas.gr\\\/fr\\\/\"},{\"@type\":\"ListItem\",\"position\":2,\"name\":\"\u00c0 PROPOS\"}]},{\"@type\":\"WebSite\",\"@id\":\"https:\\\/\\\/www.salachas.gr\\\/fr\\\/#website\",\"url\":\"https:\\\/\\\/www.salachas.gr\\\/fr\\\/\",\"name\":\"Salachas Stores Mykonos\",\"description\":\"\",\"potentialAction\":[{\"@type\":\"SearchAction\",\"target\":{\"@type\":\"EntryPoint\",\"urlTemplate\":\"https:\\\/\\\/www.salachas.gr\\\/fr\\\/?s={search_term_string}\"},\"query-input\":{\"@type\":\"PropertyValueSpecification\",\"valueRequired\":true,\"valueName\":\"search_term_string\"}}],\"inLanguage\":\"fr-FR\"}]}<\/script>\n<!-- \/ Yoast SEO plugin. -->","yoast_head_json":{"title":"\u00c0 propos | Salachas Stores Mykonos","description":"Back in 1933, a young tailor, J. Salachas, became a fashion creator for queens & celebrities in Mykonos. Today, Salachas Stores deliver stylish fashion for all!","robots":{"index":"index","follow":"follow","max-snippet":"max-snippet:-1","max-image-preview":"max-image-preview:large","max-video-preview":"max-video-preview:-1"},"canonical":"https:\/\/www.salachas.gr\/fr\/about-us\/","og_locale":"fr_FR","og_type":"article","og_title":"\u00c0 propos | Salachas Stores Mykonos","og_description":"Back in 1933, a young tailor, J. Salachas, became a fashion creator for queens & celebrities in Mykonos. Today, Salachas Stores deliver stylish fashion for all!","og_url":"https:\/\/www.salachas.gr\/fr\/about-us\/","og_site_name":"Salachas Stores Mykonos","article_modified_time":"2026-02-09T12:03:12+00:00","twitter_card":"summary_large_image","twitter_misc":{"Dur\u00e9e de lecture estim\u00e9e":"5 minutes"},"schema":{"@context":"https:\/\/schema.org","@graph":[{"@type":"WebPage","@id":"https:\/\/www.salachas.gr\/fr\/about-us\/","url":"https:\/\/www.salachas.gr\/fr\/about-us\/","name":"\u00c0 propos | Salachas Stores Mykonos","isPartOf":{"@id":"https:\/\/www.salachas.gr\/fr\/#website"},"datePublished":"2024-06-14T12:12:45+00:00","dateModified":"2026-02-09T12:03:12+00:00","description":"Back in 1933, a young tailor, J. Salachas, became a fashion creator for queens & celebrities in Mykonos. Today, Salachas Stores deliver stylish fashion for all!","breadcrumb":{"@id":"https:\/\/www.salachas.gr\/fr\/about-us\/#breadcrumb"},"inLanguage":"fr-FR","potentialAction":[{"@type":"ReadAction","target":["https:\/\/www.salachas.gr\/fr\/about-us\/"]}]},{"@type":"BreadcrumbList","@id":"https:\/\/www.salachas.gr\/fr\/about-us\/#breadcrumb","itemListElement":[{"@type":"ListItem","position":1,"name":"\u0391\u03c1\u03c7\u03b9\u03ba\u03ae","item":"https:\/\/www.salachas.gr\/fr\/"},{"@type":"ListItem","position":2,"name":"\u00c0 PROPOS"}]},{"@type":"WebSite","@id":"https:\/\/www.salachas.gr\/fr\/#website","url":"https:\/\/www.salachas.gr\/fr\/","name":"Salachas Stores Mykonos","description":"","potentialAction":[{"@type":"SearchAction","target":{"@type":"EntryPoint","urlTemplate":"https:\/\/www.salachas.gr\/fr\/?s={search_term_string}"},"query-input":{"@type":"PropertyValueSpecification","valueRequired":true,"valueName":"search_term_string"}}],"inLanguage":"fr-FR"}]}},"_links":{"self":[{"href":"https:\/\/www.salachas.gr\/fr\/wp-json\/wp\/v2\/pages\/6188","targetHints":{"allow":["GET"]}}],"collection":[{"href":"https:\/\/www.salachas.gr\/fr\/wp-json\/wp\/v2\/pages"}],"about":[{"href":"https:\/\/www.salachas.gr\/fr\/wp-json\/wp\/v2\/types\/page"}],"author":[{"embeddable":true,"href":"https:\/\/www.salachas.gr\/fr\/wp-json\/wp\/v2\/users\/1"}],"replies":[{"embeddable":true,"href":"https:\/\/www.salachas.gr\/fr\/wp-json\/wp\/v2\/comments?post=6188"}],"version-history":[{"count":4,"href":"https:\/\/www.salachas.gr\/fr\/wp-json\/wp\/v2\/pages\/6188\/revisions"}],"predecessor-version":[{"id":6196,"href":"https:\/\/www.salachas.gr\/fr\/wp-json\/wp\/v2\/pages\/6188\/revisions\/6196"}],"wp:attachment":[{"href":"https:\/\/www.salachas.gr\/fr\/wp-json\/wp\/v2\/media?parent=6188"}],"curies":[{"name":"wp","href":"https:\/\/api.w.org\/{rel}","templated":true}]}}